{"id":190,"date":"2019-12-05T15:34:37","date_gmt":"2019-12-05T15:34:37","guid":{"rendered":"https:\/\/aibr.ca\/wordpress\/?page_id=190"},"modified":"2022-12-21T05:38:30","modified_gmt":"2022-12-21T05:38:30","slug":"carte-reseau","status":"publish","type":"page","link":"https:\/\/aibr.ca\/index.php\/carte-reseau\/","title":{"rendered":"Carte r\u00e9seau"},"content":{"rendered":"\t\t<div data-elementor-type=\"section\" data-elementor-id=\"178\" class=\"elementor elementor-178\">\n\t\t\t\t\t<div class=\"elementor-section-wrap\">\n\t\t\t\t\t\t\t\t<section class=\"elementor-section elementor-top-section elementor-element elementor-element-84c0b83 elementor-section-full_width elementor-section-height-default elementor-section-height-default\" data-id=\"84c0b83\" data-element_type=\"section\">\n\t\t\t\t\t\t<div class=\"elementor-container elementor-column-gap-default\">\n\t\t\t\t\t\t\t<div class=\"elementor-row\">\n\t\t\t\t\t<div class=\"elementor-column elementor-col-33 elementor-top-column elementor-element elementor-element-4fc8b38\" data-id=\"4fc8b38\" data-element_type=\"column\">\n\t\t\t<div class=\"elementor-column-wrap elementor-element-populated\">\n\t\t\t\t\t\t\t<div class=\"elementor-widget-wrap\">\n\t\t\t\t\t\t<div class=\"elementor-element elementor-element-7002e7c elementor-widget elementor-widget-image\" data-id=\"7002e7c\" data-element_type=\"widget\" data-widget_type=\"image.default\">\n\t\t\t\t<div class=\"elementor-widget-container\">\n\t\t\t\t\t\t\t\t<div class=\"elementor-image\">\n\t\t\t\t\t\t\t\t\t\t\t\t\t<a href=\"https:\/\/aibr.ca\/\">\n\t\t\t\t\t\t\t<img width=\"1706\" height=\"2560\" src=\"https:\/\/aibr.ca\/wp-content\/uploads\/2019\/11\/AIBR-logo-couleur-scaled.png\" class=\"attachment-full size-full\" alt=\"AIBR Logo\" loading=\"lazy\" srcset=\"https:\/\/aibr.ca\/wp-content\/uploads\/2019\/11\/AIBR-logo-couleur-scaled.png 1706w, https:\/\/aibr.ca\/wp-content\/uploads\/2019\/11\/AIBR-logo-couleur-200x300.png 200w, https:\/\/aibr.ca\/wp-content\/uploads\/2019\/11\/AIBR-logo-couleur-683x1024.png 683w, https:\/\/aibr.ca\/wp-content\/uploads\/2019\/11\/AIBR-logo-couleur-768x1152.png 768w, https:\/\/aibr.ca\/wp-content\/uploads\/2019\/11\/AIBR-logo-couleur-1024x1536.png 1024w, https:\/\/aibr.ca\/wp-content\/uploads\/2019\/11\/AIBR-logo-couleur-1365x2048.png 1365w\" sizes=\"(max-width: 1706px) 100vw, 1706px\" \/>\t\t\t\t\t\t\t\t<\/a>\n\t\t\t\t\t\t\t\t\t\t\t\t\t\t<\/div>\n\t\t\t\t\t\t<\/div>\n\t\t\t\t<\/div>\n\t\t\t\t\t\t<\/div>\n\t\t\t\t\t<\/div>\n\t\t<\/div>\n\t\t\t\t<div class=\"elementor-column elementor-col-33 elementor-top-column elementor-element elementor-element-5ca854e\" data-id=\"5ca854e\" data-element_type=\"column\">\n\t\t\t<div class=\"elementor-column-wrap elementor-element-populated\">\n\t\t\t\t\t\t\t<div class=\"elementor-widget-wrap\">\n\t\t\t\t\t\t<div class=\"elementor-element elementor-element-a402dbb elementor-widget elementor-widget-text-editor\" data-id=\"a402dbb\" data-element_type=\"widget\" data-widget_type=\"text-editor.default\">\n\t\t\t\t<div class=\"elementor-widget-container\">\n\t\t\t\t\t\t\t\t<div class=\"elementor-text-editor elementor-clearfix\">\n\t\t\t\t<p>R\u00e9gie de l\u2019aqueduc intermunicipale <br \/>du Bas-Richelieu<\/p>\t\t\t\t\t<\/div>\n\t\t\t\t\t\t<\/div>\n\t\t\t\t<\/div>\n\t\t\t\t\t\t<\/div>\n\t\t\t\t\t<\/div>\n\t\t<\/div>\n\t\t\t\t<div class=\"elementor-column elementor-col-33 elementor-top-column elementor-element elementor-element-c4c9f7a\" data-id=\"c4c9f7a\" data-element_type=\"column\">\n\t\t\t<div class=\"elementor-column-wrap elementor-element-populated\">\n\t\t\t\t\t\t\t<div class=\"elementor-widget-wrap\">\n\t\t\t\t\t\t<div class=\"elementor-element elementor-element-35e4c8f elementor-widget elementor-widget-text-editor\" data-id=\"35e4c8f\" data-element_type=\"widget\" data-widget_type=\"text-editor.default\">\n\t\t\t\t<div class=\"elementor-widget-container\">\n\t\t\t\t\t\t\t\t<div class=\"elementor-text-editor elementor-clearfix\">\n\t\t\t\t<p>(450) 787-2101<\/p><p><a href=\"mailto:regie@aibr.ca\">regie@aibr.ca<\/a><\/p>\t\t\t\t\t<\/div>\n\t\t\t\t\t\t<\/div>\n\t\t\t\t<\/div>\n\t\t\t\t\t\t<\/div>\n\t\t\t\t\t<\/div>\n\t\t<\/div>\n\t\t\t\t\t\t\t\t<\/div>\n\t\t\t\t\t<\/div>\n\t\t<\/section>\n\t\t\t\t\t\t\t<\/div>\n\t\t\t\t<\/div>\n\t\t\n<h1>Cartes du r\u00e9seau&nbsp;de la&nbsp;R\u00e9gie de l&#8217;AIBR<\/h1>\n<h4><a href=\"https:\/\/aibr.ca\/wp-content\/uploads\/2019\/12\/plan_aibr_complet.pdf\" target=\"_blank\" rel=\"noopener noreferrer\">Carte du r\u00e9seau complet en haute r\u00e9solution (PDF)<\/a><\/h4>\n<p><a href=\"https:\/\/aibr.ca\/wp-content\/uploads\/2019\/12\/AIBR-Reseau-St-Mathieu-de-Beloeil.pdf\" target=\"_blank\" rel=\"noopener noreferrer\">Carte du r\u00e9seau de Saint-Mathieu-de-Beloeil (PDF)<\/a><br \/>\n<a href=\"https:\/\/aibr.ca\/wp-content\/uploads\/2019\/12\/AIBR-Reseau-St-Denis-sur-Richelieu.pdf\" target=\"_blank\" rel=\"noopener noreferrer\">Carte du r\u00e9seau de Saint-Denis-sur-Richelieu (PDF)<\/a><br \/>\n<a href=\"https:\/\/aibr.ca\/wp-content\/uploads\/2019\/12\/AIBR-Reseau-St-Charles-sur-Richelieu.pdf\" target=\"_blank\" rel=\"noopener noreferrer\">Carte du r\u00e9seau de Saint-Charles-sur-Richelieu (PDF)<\/a><br \/>\n<a href=\"https:\/\/aibr.ca\/wp-content\/uploads\/2019\/12\/AIBR-Reseau-St-Marc-sur-Richelieu.pdf\" target=\"_blank\" rel=\"noopener noreferrer\">Carte du r\u00e9seau de Saint-Marc-sur-Richelieu (PDF)<\/a><br \/>\n<a href=\"https:\/\/aibr.ca\/wp-content\/uploads\/2019\/12\/AIBR-Reseau-St-Antoine-sur-Richelieu.pdf\" target=\"_blank\" rel=\"noopener noreferrer\">Carte du r\u00e9seau de Saint-Antoine-sur-Richelieu (PDF)<\/a><br \/>\n<a href=\"https:\/\/aibr.ca\/wp-content\/uploads\/2019\/12\/capacite_de_l_usine.pdf\" target=\"_blank\" rel=\"noopener noreferrer\">Population desservie par la R\u00e9gie de l&#8217;AIBR (PDF)<\/a>\t\t<div data-elementor-type=\"section\" data-elementor-id=\"172\" class=\"elementor elementor-172\">\n\t\t\t\t\t<div class=\"elementor-section-wrap\">\n\t\t\t\t\t\t\t\t<section class=\"elementor-section elementor-top-section elementor-element elementor-element-4567c70 elementor-section-full_width elementor-section-height-default elementor-section-height-default\" data-id=\"4567c70\" data-element_type=\"section\" data-settings=\"{&quot;background_background&quot;:&quot;classic&quot;}\">\n\t\t\t\t\t\t<div class=\"elementor-container elementor-column-gap-default\">\n\t\t\t\t\t\t\t<div class=\"elementor-row\">\n\t\t\t\t\t<div class=\"elementor-column elementor-col-100 elementor-top-column elementor-element elementor-element-7df8c48\" data-id=\"7df8c48\" data-element_type=\"column\">\n\t\t\t<div class=\"elementor-column-wrap elementor-element-populated\">\n\t\t\t\t\t\t\t<div class=\"elementor-widget-wrap\">\n\t\t\t\t\t\t<div class=\"elementor-element elementor-element-86d37be elementor-widget elementor-widget-heading\" data-id=\"86d37be\" data-element_type=\"widget\" data-widget_type=\"heading.default\">\n\t\t\t\t<div class=\"elementor-widget-container\">\n\t\t\t<h2 class=\"elementor-heading-title elementor-size-default\">R\u00e9gie de l\u2019aqueduc intermunicipale du Bas-Richelieu<\/h2>\t\t<\/div>\n\t\t\t\t<\/div>\n\t\t\t\t<section class=\"elementor-section elementor-inner-section elementor-element elementor-element-3cf8c63 elementor-section-boxed elementor-section-height-default elementor-section-height-default\" data-id=\"3cf8c63\" data-element_type=\"section\">\n\t\t\t\t\t\t<div class=\"elementor-container elementor-column-gap-default\">\n\t\t\t\t\t\t\t<div class=\"elementor-row\">\n\t\t\t\t\t<div class=\"elementor-column elementor-col-33 elementor-inner-column elementor-element elementor-element-10bc330\" data-id=\"10bc330\" data-element_type=\"column\">\n\t\t\t<div class=\"elementor-column-wrap elementor-element-populated\">\n\t\t\t\t\t\t\t<div class=\"elementor-widget-wrap\">\n\t\t\t\t\t\t<div class=\"elementor-element elementor-element-534eb551 elementor-icon-list--layout-traditional elementor-list-item-link-full_width elementor-widget elementor-widget-icon-list\" data-id=\"534eb551\" data-element_type=\"widget\" data-widget_type=\"icon-list.default\">\n\t\t\t\t<div class=\"elementor-widget-container\">\n\t\t\t\t\t<ul class=\"elementor-icon-list-items\">\n\t\t\t\t\t\t\t<li class=\"elementor-icon-list-item\">\n\t\t\t\t\t\t\t\t\t\t\t<a href=\"https:\/\/aibr.ca\/index.php\/historique\/\">\n\n\t\t\t\t\t\t\t\t\t\t\t<span class=\"elementor-icon-list-text\">Historique<\/span>\n\t\t\t\t\t\t\t\t\t\t\t<\/a>\n\t\t\t\t\t\t\t\t\t<\/li>\n\t\t\t\t\t\t\t\t<li class=\"elementor-icon-list-item\">\n\t\t\t\t\t\t\t\t\t\t\t<a href=\"http:\/\/aibr.ca\/index.php\/municipalite-membres\/\">\n\n\t\t\t\t\t\t\t\t\t\t\t<span class=\"elementor-icon-list-text\">Municipalit\u00e9s membres<\/span>\n\t\t\t\t\t\t\t\t\t\t\t<\/a>\n\t\t\t\t\t\t\t\t\t<\/li>\n\t\t\t\t\t\t\t\t<li class=\"elementor-icon-list-item\">\n\t\t\t\t\t\t\t\t\t\t\t<a href=\"http:\/\/aibr.ca\/index.php\/organigramme\/\">\n\n\t\t\t\t\t\t\t\t\t\t\t<span class=\"elementor-icon-list-text\">Organigramme<\/span>\n\t\t\t\t\t\t\t\t\t\t\t<\/a>\n\t\t\t\t\t\t\t\t\t<\/li>\n\t\t\t\t\t\t<\/ul>\n\t\t\t\t<\/div>\n\t\t\t\t<\/div>\n\t\t\t\t\t\t<\/div>\n\t\t\t\t\t<\/div>\n\t\t<\/div>\n\t\t\t\t<div class=\"elementor-column elementor-col-33 elementor-inner-column elementor-element elementor-element-37d1844\" data-id=\"37d1844\" data-element_type=\"column\">\n\t\t\t<div class=\"elementor-column-wrap elementor-element-populated\">\n\t\t\t\t\t\t\t<div class=\"elementor-widget-wrap\">\n\t\t\t\t\t\t<div class=\"elementor-element elementor-element-b9c417f elementor-icon-list--layout-traditional elementor-list-item-link-full_width elementor-widget elementor-widget-icon-list\" data-id=\"b9c417f\" data-element_type=\"widget\" data-widget_type=\"icon-list.default\">\n\t\t\t\t<div class=\"elementor-widget-container\">\n\t\t\t\t\t<ul class=\"elementor-icon-list-items\">\n\t\t\t\t\t\t\t<li class=\"elementor-icon-list-item\">\n\t\t\t\t\t\t\t\t\t\t\t<a href=\"http:\/\/aibr.ca\/index.php\/carte-reseau\/\">\n\n\t\t\t\t\t\t\t\t\t\t\t<span class=\"elementor-icon-list-text\">Carte du r\u00e9seau<\/span>\n\t\t\t\t\t\t\t\t\t\t\t<\/a>\n\t\t\t\t\t\t\t\t\t<\/li>\n\t\t\t\t\t\t\t\t<li class=\"elementor-icon-list-item\">\n\t\t\t\t\t\t\t\t\t\t\t<a href=\"http:\/\/aibr.ca\/wp-content\/uploads\/2020\/02\/diagramme_usine.pdf\" target=\"_blank\">\n\n\t\t\t\t\t\t\t\t\t\t\t<span class=\"elementor-icon-list-text\">Proc\u00e9d\u00e9 de traitement<\/span>\n\t\t\t\t\t\t\t\t\t\t\t<\/a>\n\t\t\t\t\t\t\t\t\t<\/li>\n\t\t\t\t\t\t\t\t<li class=\"elementor-icon-list-item\">\n\t\t\t\t\t\t\t\t\t\t\t<a href=\"http:\/\/aibr.ca\/index.php\/documentation\/\">\n\n\t\t\t\t\t\t\t\t\t\t\t<span class=\"elementor-icon-list-text\">Documentation<\/span>\n\t\t\t\t\t\t\t\t\t\t\t<\/a>\n\t\t\t\t\t\t\t\t\t<\/li>\n\t\t\t\t\t\t\t\t<li class=\"elementor-icon-list-item\">\n\t\t\t\t\t\t\t\t\t\t\t<a href=\"http:\/\/aibr.ca\/index.php\/faq\/\">\n\n\t\t\t\t\t\t\t\t\t\t\t<span class=\"elementor-icon-list-text\">FAQ<\/span>\n\t\t\t\t\t\t\t\t\t\t\t<\/a>\n\t\t\t\t\t\t\t\t\t<\/li>\n\t\t\t\t\t\t<\/ul>\n\t\t\t\t<\/div>\n\t\t\t\t<\/div>\n\t\t\t\t\t\t<\/div>\n\t\t\t\t\t<\/div>\n\t\t<\/div>\n\t\t\t\t<div class=\"elementor-column elementor-col-33 elementor-inner-column elementor-element elementor-element-545eb2f\" data-id=\"545eb2f\" data-element_type=\"column\">\n\t\t\t<div class=\"elementor-column-wrap elementor-element-populated\">\n\t\t\t\t\t\t\t<div class=\"elementor-widget-wrap\">\n\t\t\t\t\t\t<div class=\"elementor-element elementor-element-71d7398 elementor-widget elementor-widget-text-editor\" data-id=\"71d7398\" data-element_type=\"widget\" data-widget_type=\"text-editor.default\">\n\t\t\t\t<div class=\"elementor-widget-container\">\n\t\t\t\t\t\t\t\t<div class=\"elementor-text-editor elementor-clearfix\">\n\t\t\t\t<p>737, Chemin des Patriotes<br><span style=\"font-size: 15px;\">Saint-Denis-sur-Richelieu, QC J0H 1K0<\/span><\/p>\n<p><span style=\"font-size: 15px;\">(450) 787-2101<br><\/span><span style=\"font-size: 15px;\"><a href=\"mailto:regie@aibr.ca\">regie@aibr.ca<\/a><\/span><\/p>\t\t\t\t\t<\/div>\n\t\t\t\t\t\t<\/div>\n\t\t\t\t<\/div>\n\t\t\t\t\t\t<\/div>\n\t\t\t\t\t<\/div>\n\t\t<\/div>\n\t\t\t\t\t\t\t\t<\/div>\n\t\t\t\t\t<\/div>\n\t\t<\/section>\n\t\t\t\t<div class=\"elementor-element elementor-element-e99b82e elementor-widget elementor-widget-text-editor\" data-id=\"e99b82e\" data-element_type=\"widget\" data-widget_type=\"text-editor.default\">\n\t\t\t\t<div class=\"elementor-widget-container\">\n\t\t\t\t\t\t\t\t<div class=\"elementor-text-editor elementor-clearfix\">\n\t\t\t\tTous droits r\u00e9serv\u00e9s. \u00a9 2026 R\u00e9gie de l&#8217;aqueduc intermunicipale du Bas-Richelieu\t\t\t\t\t<\/div>\n\t\t\t\t\t\t<\/div>\n\t\t\t\t<\/div>\n\t\t\t\t\t\t<\/div>\n\t\t\t\t\t<\/div>\n\t\t<\/div>\n\t\t\t\t\t\t\t\t<\/div>\n\t\t\t\t\t<\/div>\n\t\t<\/section>\n\t\t\t\t\t\t\t<\/div>\n\t\t\t\t<\/div>\n\t\t<\/p>\n","protected":false},"excerpt":{"rendered":"<p>Cartes du r\u00e9seau&nbsp;de la&nbsp;R\u00e9gie de l&#8217;AIBR Carte du r\u00e9seau complet en haute r\u00e9solution (PDF) Carte du r\u00e9seau de Saint-Mathieu-de-Beloeil (PDF) Carte du r\u00e9seau de Saint-Denis-sur-Richelieu (PDF) Carte du r\u00e9seau de Saint-Charles-sur-Richelieu (PDF) Carte du r\u00e9seau de Saint-Marc-sur-Richelieu (PDF) Carte du r\u00e9seau de Saint-Antoine-sur-Richelieu (PDF) Population desservie par la R\u00e9gie de l&#8217;AIBR (PDF)<\/p>\n","protected":false},"author":1,"featured_media":0,"parent":0,"menu_order":0,"comment_status":"closed","ping_status":"closed","template":"","meta":{"site-sidebar-layout":"no-sidebar","site-content-layout":"page-builder","ast-global-header-display":"","ast-main-header-display":"disabled","ast-hfb-above-header-display":"","ast-hfb-below-header-display":"","ast-hfb-mobile-header-display":"","site-post-title":"disabled","ast-breadcrumbs-content":"","ast-featured-img":"disabled","footer-sml-layout":"disabled","theme-transparent-header-meta":"default","adv-header-id-meta":"","stick-header-meta":"","header-above-stick-meta":"","header-main-stick-meta":"","header-below-stick-meta":""},"yoast_head":"<!-- This site is optimized with the Yoast SEO plugin v20.6 - https:\/\/yoast.com\/wordpress\/plugins\/seo\/ -->\n<title>Carte r\u00e9seau - aibr-site<\/title>\n<meta name=\"robots\" content=\"index, follow, max-snippet:-1, max-image-preview:large, max-video-preview:-1\" \/>\n<link rel=\"canonical\" href=\"https:\/\/aibr.ca\/index.php\/carte-reseau\/\" \/>\n<meta property=\"og:locale\" content=\"en_US\" \/>\n<meta property=\"og:type\" content=\"article\" \/>\n<meta property=\"og:title\" content=\"Carte r\u00e9seau - aibr-site\" \/>\n<meta property=\"og:description\" content=\"Cartes du r\u00e9seau&nbsp;de la&nbsp;R\u00e9gie de l&#8217;AIBR Carte du r\u00e9seau complet en haute r\u00e9solution (PDF) Carte du r\u00e9seau de Saint-Mathieu-de-Beloeil (PDF) Carte du r\u00e9seau de Saint-Denis-sur-Richelieu (PDF) Carte du r\u00e9seau de Saint-Charles-sur-Richelieu (PDF) Carte du r\u00e9seau de Saint-Marc-sur-Richelieu (PDF) Carte du r\u00e9seau de Saint-Antoine-sur-Richelieu (PDF) Population desservie par la R\u00e9gie de l&#8217;AIBR (PDF)\" \/>\n<meta property=\"og:url\" content=\"https:\/\/aibr.ca\/index.php\/carte-reseau\/\" \/>\n<meta property=\"og:site_name\" content=\"aibr-site\" \/>\n<meta property=\"article:modified_time\" content=\"2022-12-21T05:38:30+00:00\" \/>\n<meta name=\"twitter:card\" content=\"summary_large_image\" \/>\n<meta name=\"twitter:label1\" content=\"Est. reading time\" \/>\n\t<meta name=\"twitter:data1\" content=\"1 minute\" \/>\n<script type=\"application\/ld+json\" class=\"yoast-schema-graph\">{\"@context\":\"https:\/\/schema.org\",\"@graph\":[{\"@type\":\"WebPage\",\"@id\":\"https:\/\/aibr.ca\/index.php\/carte-reseau\/\",\"url\":\"https:\/\/aibr.ca\/index.php\/carte-reseau\/\",\"name\":\"Carte r\u00e9seau - aibr-site\",\"isPartOf\":{\"@id\":\"https:\/\/aibr.ca\/#website\"},\"datePublished\":\"2019-12-05T15:34:37+00:00\",\"dateModified\":\"2022-12-21T05:38:30+00:00\",\"breadcrumb\":{\"@id\":\"https:\/\/aibr.ca\/index.php\/carte-reseau\/#breadcrumb\"},\"inLanguage\":\"en-US\",\"potentialAction\":[{\"@type\":\"ReadAction\",\"target\":[\"https:\/\/aibr.ca\/index.php\/carte-reseau\/\"]}]},{\"@type\":\"BreadcrumbList\",\"@id\":\"https:\/\/aibr.ca\/index.php\/carte-reseau\/#breadcrumb\",\"itemListElement\":[{\"@type\":\"ListItem\",\"position\":1,\"name\":\"Home\",\"item\":\"https:\/\/aibr.ca\/\"},{\"@type\":\"ListItem\",\"position\":2,\"name\":\"Carte r\u00e9seau\"}]},{\"@type\":\"WebSite\",\"@id\":\"https:\/\/aibr.ca\/#website\",\"url\":\"https:\/\/aibr.ca\/\",\"name\":\"aibr-site\",\"description\":\"\",\"potentialAction\":[{\"@type\":\"SearchAction\",\"target\":{\"@type\":\"EntryPoint\",\"urlTemplate\":\"https:\/\/aibr.ca\/?s={search_term_string}\"},\"query-input\":\"required name=search_term_string\"}],\"inLanguage\":\"en-US\"}]}<\/script>\n<!-- \/ Yoast SEO plugin. -->","yoast_head_json":{"title":"Carte r\u00e9seau - aibr-site","robots":{"index":"index","follow":"follow","max-snippet":"max-snippet:-1","max-image-preview":"max-image-preview:large","max-video-preview":"max-video-preview:-1"},"canonical":"https:\/\/aibr.ca\/index.php\/carte-reseau\/","og_locale":"en_US","og_type":"article","og_title":"Carte r\u00e9seau - aibr-site","og_description":"Cartes du r\u00e9seau&nbsp;de la&nbsp;R\u00e9gie de l&#8217;AIBR Carte du r\u00e9seau complet en haute r\u00e9solution (PDF) Carte du r\u00e9seau de Saint-Mathieu-de-Beloeil (PDF) Carte du r\u00e9seau de Saint-Denis-sur-Richelieu (PDF) Carte du r\u00e9seau de Saint-Charles-sur-Richelieu (PDF) Carte du r\u00e9seau de Saint-Marc-sur-Richelieu (PDF) Carte du r\u00e9seau de Saint-Antoine-sur-Richelieu (PDF) Population desservie par la R\u00e9gie de l&#8217;AIBR (PDF)","og_url":"https:\/\/aibr.ca\/index.php\/carte-reseau\/","og_site_name":"aibr-site","article_modified_time":"2022-12-21T05:38:30+00:00","twitter_card":"summary_large_image","twitter_misc":{"Est. reading time":"1 minute"},"schema":{"@context":"https:\/\/schema.org","@graph":[{"@type":"WebPage","@id":"https:\/\/aibr.ca\/index.php\/carte-reseau\/","url":"https:\/\/aibr.ca\/index.php\/carte-reseau\/","name":"Carte r\u00e9seau - aibr-site","isPartOf":{"@id":"https:\/\/aibr.ca\/#website"},"datePublished":"2019-12-05T15:34:37+00:00","dateModified":"2022-12-21T05:38:30+00:00","breadcrumb":{"@id":"https:\/\/aibr.ca\/index.php\/carte-reseau\/#breadcrumb"},"inLanguage":"en-US","potentialAction":[{"@type":"ReadAction","target":["https:\/\/aibr.ca\/index.php\/carte-reseau\/"]}]},{"@type":"BreadcrumbList","@id":"https:\/\/aibr.ca\/index.php\/carte-reseau\/#breadcrumb","itemListElement":[{"@type":"ListItem","position":1,"name":"Home","item":"https:\/\/aibr.ca\/"},{"@type":"ListItem","position":2,"name":"Carte r\u00e9seau"}]},{"@type":"WebSite","@id":"https:\/\/aibr.ca\/#website","url":"https:\/\/aibr.ca\/","name":"aibr-site","description":"","potentialAction":[{"@type":"SearchAction","target":{"@type":"EntryPoint","urlTemplate":"https:\/\/aibr.ca\/?s={search_term_string}"},"query-input":"required name=search_term_string"}],"inLanguage":"en-US"}]}},"_links":{"self":[{"href":"https:\/\/aibr.ca\/index.php\/wp-json\/wp\/v2\/pages\/190"}],"collection":[{"href":"https:\/\/aibr.ca\/index.php\/wp-json\/wp\/v2\/pages"}],"about":[{"href":"https:\/\/aibr.ca\/index.php\/wp-json\/wp\/v2\/types\/page"}],"author":[{"embeddable":true,"href":"https:\/\/aibr.ca\/index.php\/wp-json\/wp\/v2\/users\/1"}],"replies":[{"embeddable":true,"href":"https:\/\/aibr.ca\/index.php\/wp-json\/wp\/v2\/comments?post=190"}],"version-history":[{"count":24,"href":"https:\/\/aibr.ca\/index.php\/wp-json\/wp\/v2\/pages\/190\/revisions"}],"predecessor-version":[{"id":1545,"href":"https:\/\/aibr.ca\/index.php\/wp-json\/wp\/v2\/pages\/190\/revisions\/1545"}],"wp:attachment":[{"href":"https:\/\/aibr.ca\/index.php\/wp-json\/wp\/v2\/media?parent=190"}],"curies":[{"name":"wp","href":"https:\/\/api.w.org\/{rel}","templated":true}]}}